{"id":38905,"date":"2025-01-15T09:54:30","date_gmt":"2025-01-15T09:54:30","guid":{"rendered":"https:\/\/www.fosa.fr\/meetingdelair\/la-base-aerienne-123\/"},"modified":"2026-01-06T09:53:45","modified_gmt":"2026-01-06T09:53:45","slug":"la-base-aerienne-123","status":"publish","type":"page","link":"https:\/\/www.fosa.fr\/meetingdelair\/la-base-aerienne-123\/","title":{"rendered":"La Base A\u00e9rienne 123"},"content":{"rendered":"","protected":true},"excerpt":{"rendered":"","protected":true},"author":1,"featured_media":39313,"parent":0,"menu_order":120,"comment_status":"closed","ping_status":"closed","template":"elementor_canvas","meta":{"footnotes":""},"coauthors":[19],"class_list":["post-38905","page","type-page","status-publish","post-password-required","hentry"],"yoast_head":"<!-- This site is optimized with the Yoast SEO plugin v27.5 - https:\/\/yoast.com\/product\/yoast-seo-wordpress\/ -->\n<title>La Base A\u00e9rienne 123 - Meeting de l&#039;Air de la FOSA<\/title>\n<meta name=\"description\" content=\"Pr\u00e9sentation de la base A\u00e9rienne 123 orl\u00e9ans-Bricy - Meeting de l&#039;Air 2025 organis\u00e9 par la Fondation des \u0152uvres Sociales de l&#039;Air (FOSA)\" \/>\n<meta name=\"robots\" content=\"index, follow, max-snippet:-1, max-image-preview:large, max-video-preview:-1\" \/>\n<link rel=\"canonical\" href=\"https:\/\/www.fosa.fr\/meetingdelair\/la-base-aerienne-123\/\" \/>\n<meta property=\"og:locale\" content=\"fr_FR\" \/>\n<meta property=\"og:type\" content=\"article\" \/>\n<meta property=\"og:title\" content=\"La Base A\u00e9rienne 123 - Meeting de l&#039;Air de la FOSA\" \/>\n<meta property=\"og:description\" content=\"Pr\u00e9sentation de la base A\u00e9rienne 123 orl\u00e9ans-Bricy - Meeting de l&#039;Air 2025 organis\u00e9 par la Fondation des \u0152uvres Sociales de l&#039;Air (FOSA)\" \/>\n<meta property=\"og:url\" content=\"https:\/\/www.fosa.fr\/meetingdelair\/la-base-aerienne-123\/\" \/>\n<meta property=\"og:site_name\" content=\"Meeting de l&#039;Air de la FOSA\" \/>\n<meta property=\"article:modified_time\" content=\"2026-01-06T09:53:45+00:00\" \/>\n<meta name=\"twitter:label1\" content=\"Dur\u00e9e de lecture estim\u00e9e\" \/>\n\t<meta name=\"twitter:data1\" content=\"5 minutes\" \/>\n\t<meta name=\"twitter:label2\" content=\"Written by\" \/>\n\t<meta name=\"twitter:data2\" content=\"fondationfosa\" \/>\n<script type=\"application\/ld+json\" class=\"yoast-schema-graph\">{\"@context\":\"https:\\\/\\\/schema.org\",\"@graph\":[{\"@type\":\"WebPage\",\"@id\":\"https:\\\/\\\/www.fosa.fr\\\/meetingdelair\\\/la-base-aerienne-123\\\/\",\"url\":\"https:\\\/\\\/www.fosa.fr\\\/meetingdelair\\\/la-base-aerienne-123\\\/\",\"name\":\"La Base A\u00e9rienne 123 - Meeting de l&#039;Air de la FOSA\",\"isPartOf\":{\"@id\":\"https:\\\/\\\/www.fosa.fr\\\/meetingdelair\\\/#website\"},\"datePublished\":\"2025-01-15T09:54:30+00:00\",\"dateModified\":\"2026-01-06T09:53:45+00:00\",\"breadcrumb\":{\"@id\":\"https:\\\/\\\/www.fosa.fr\\\/meetingdelair\\\/la-base-aerienne-123\\\/#breadcrumb\"},\"inLanguage\":\"fr-FR\"},{\"@type\":\"WebSite\",\"@id\":\"https:\\\/\\\/www.fosa.fr\\\/meetingdelair\\\/#website\",\"url\":\"https:\\\/\\\/www.fosa.fr\\\/meetingdelair\\\/\",\"name\":\"Meeting de l&#039;Air de la FOSA\",\"description\":\"Meetings de l&#039;Air de Salon-de-Provence 2023\",\"potentialAction\":[{\"@type\":\"SearchAction\",\"target\":{\"@type\":\"EntryPoint\",\"urlTemplate\":\"https:\\\/\\\/www.fosa.fr\\\/meetingdelair\\\/?s={search_term_string}\"},\"query-input\":{\"@type\":\"PropertyValueSpecification\",\"valueRequired\":true,\"valueName\":\"search_term_string\"}}],\"inLanguage\":\"fr-FR\"}]}<\/script>\n<!-- \/ Yoast SEO plugin. -->","yoast_head_json":{"title":"La Base A\u00e9rienne 123 - Meeting de l&#039;Air de la FOSA","description":"Pr\u00e9sentation de la base A\u00e9rienne 123 orl\u00e9ans-Bricy - Meeting de l'Air 2025 organis\u00e9 par la Fondation des \u0152uvres Sociales de l'Air (FOSA)","robots":{"index":"index","follow":"follow","max-snippet":"max-snippet:-1","max-image-preview":"max-image-preview:large","max-video-preview":"max-video-preview:-1"},"canonical":"https:\/\/www.fosa.fr\/meetingdelair\/la-base-aerienne-123\/","og_locale":"fr_FR","og_type":"article","og_title":"La Base A\u00e9rienne 123 - Meeting de l&#039;Air de la FOSA","og_description":"Pr\u00e9sentation de la base A\u00e9rienne 123 orl\u00e9ans-Bricy - Meeting de l'Air 2025 organis\u00e9 par la Fondation des \u0152uvres Sociales de l'Air (FOSA)","og_url":"https:\/\/www.fosa.fr\/meetingdelair\/la-base-aerienne-123\/","og_site_name":"Meeting de l&#039;Air de la FOSA","article_modified_time":"2026-01-06T09:53:45+00:00","twitter_misc":{"Dur\u00e9e de lecture estim\u00e9e":"5 minutes","Written by":"fondationfosa"},"schema":{"@context":"https:\/\/schema.org","@graph":[{"@type":"WebPage","@id":"https:\/\/www.fosa.fr\/meetingdelair\/la-base-aerienne-123\/","url":"https:\/\/www.fosa.fr\/meetingdelair\/la-base-aerienne-123\/","name":"La Base A\u00e9rienne 123 - Meeting de l&#039;Air de la FOSA","isPartOf":{"@id":"https:\/\/www.fosa.fr\/meetingdelair\/#website"},"datePublished":"2025-01-15T09:54:30+00:00","dateModified":"2026-01-06T09:53:45+00:00","breadcrumb":{"@id":"https:\/\/www.fosa.fr\/meetingdelair\/la-base-aerienne-123\/#breadcrumb"},"inLanguage":"fr-FR"},{"@type":"WebSite","@id":"https:\/\/www.fosa.fr\/meetingdelair\/#website","url":"https:\/\/www.fosa.fr\/meetingdelair\/","name":"Meeting de l&#039;Air de la FOSA","description":"Meetings de l&#039;Air de Salon-de-Provence 2023","potentialAction":[{"@type":"SearchAction","target":{"@type":"EntryPoint","urlTemplate":"https:\/\/www.fosa.fr\/meetingdelair\/?s={search_term_string}"},"query-input":{"@type":"PropertyValueSpecification","valueRequired":true,"valueName":"search_term_string"}}],"inLanguage":"fr-FR"}]}},"_links":{"self":[{"href":"https:\/\/www.fosa.fr\/meetingdelair\/wp-json\/wp\/v2\/pages\/38905","targetHints":{"allow":["GET"]}}],"collection":[{"href":"https:\/\/www.fosa.fr\/meetingdelair\/wp-json\/wp\/v2\/pages"}],"about":[{"href":"https:\/\/www.fosa.fr\/meetingdelair\/wp-json\/wp\/v2\/types\/page"}],"author":[{"embeddable":true,"href":"https:\/\/www.fosa.fr\/meetingdelair\/wp-json\/wp\/v2\/users\/1"}],"replies":[{"embeddable":true,"href":"https:\/\/www.fosa.fr\/meetingdelair\/wp-json\/wp\/v2\/comments?post=38905"}],"version-history":[{"count":12,"href":"https:\/\/www.fosa.fr\/meetingdelair\/wp-json\/wp\/v2\/pages\/38905\/revisions"}],"predecessor-version":[{"id":41200,"href":"https:\/\/www.fosa.fr\/meetingdelair\/wp-json\/wp\/v2\/pages\/38905\/revisions\/41200"}],"wp:featuredmedia":[{"embeddable":true,"href":"https:\/\/www.fosa.fr\/meetingdelair\/wp-json\/wp\/v2\/media\/39313"}],"wp:attachment":[{"href":"https:\/\/www.fosa.fr\/meetingdelair\/wp-json\/wp\/v2\/media?parent=38905"}],"wp:term":[{"taxonomy":"author","embeddable":true,"href":"https:\/\/www.fosa.fr\/meetingdelair\/wp-json\/wp\/v2\/coauthors?post=38905"}],"curies":[{"name":"wp","href":"https:\/\/api.w.org\/{rel}","templated":true}]}}